{"id":5929,"date":"2022-09-25T15:59:25","date_gmt":"2022-09-25T15:59:25","guid":{"rendered":"https:\/\/www.legalisering.se\/?page_id=5929"},"modified":"2023-01-11T22:08:07","modified_gmt":"2023-01-11T22:08:07","slug":"kontakta-oss","status":"publish","type":"page","link":"https:\/\/www.legalisering.se\/en\/kontakta-oss\/","title":{"rendered":"Contact us"},"content":{"rendered":"<p><span style=\"color: #000000;\"><span class=\"HwtZe\" lang=\"en\"><span class=\"jCAhz ChMk0b\"><span class=\"ryNqvb\">Use this form if you have questions about your order, or if you want to know more about <a href=\"https:\/\/www.legalisering.se\/en\/apostille-notary-public\/\">apostille<\/a>, legalization and <a href=\"https:\/\/www.legalisering.se\/en\/translation\/\">translation<\/a>.<\/span><\/span> <span class=\"jCAhz ChMk0b\"><span class=\"ryNqvb\">We always try to respond to incoming messages within a few hours during office hours.<\/span><\/span><\/span><\/span><\/p>\n<p><span style=\"color: #000000;\"><span class=\"HwtZe\" lang=\"en\"><span class=\"jCAhz ChMk0b\"><span class=\"ryNqvb\">Our office is located at Legalisering.se, Kungsgatan 37, 5th floor, 11156, Stockholm. It is right outside greenline subway station H\u00f6torget.<\/span><\/span> <span class=\"jCAhz ChMk0b\"><span class=\"ryNqvb\">We have drop-in between 9:00 and 17:00 every working day. There is no need to book time. We will help you right away!<\/span><\/span><\/span><\/span><\/p>\n<p><span style=\"color: #000000;\"><span class=\"HwtZe\" lang=\"en\"><span class=\"jCAhz ChMk0b\"><span class=\"ryNqvb\">In order to get a correct answer faster, we recommend that you attach a scanned copy of the document that needs to be legalized\/translated.<\/span><\/span> <span class=\"jCAhz ChMk0b\"><span class=\"ryNqvb\">This is due to the complexity of the <a href=\"https:\/\/www.legalisering.se\/en\/\">legalization<\/a> process.<\/span><\/span><\/span><\/span><\/p>\n<p><span style=\"color: #000000;\">You can welcome to call us <a href=\"tel:0853332080\">08 &#8211; 5333 20 80<\/a> for any question you have.<\/span><\/p>\n<p><span style=\"color: #000000;\"><div class=\"wpforms-container wpforms-container-full ct-wpforms\" id=\"wpforms-6217\"><form id=\"wpforms-form-6217\" class=\"wpforms-validate wpforms-form\" data-formid=\"6217\" method=\"post\" enctype=\"multipart\/form-data\" action=\"\/en\/wp-json\/wp\/v2\/pages\/5929?wpforms_form_id=6217\" data-token=\"db94d3a59a3fcd2222ca320dad3f91c4\" data-token-time=\"1777703300\"><noscript class=\"wpforms-error-noscript\">Please enable JavaScript in your browser to complete this form.<\/noscript><div class=\"wpforms-field-container\"><div id=\"wpforms-6217-field_1-container\" class=\"wpforms-field wpforms-field-email\" data-field-id=\"1\"><label class=\"wpforms-field-label\" for=\"wpforms-6217-field_1\">Email <span class=\"wpforms-required-label\">*<\/span><\/label><input type=\"email\" id=\"wpforms-6217-field_1\" class=\"wpforms-field-large wpforms-field-required\" name=\"wpforms[fields][1]\" spellcheck=\"false\" required><\/div><div id=\"wpforms-6217-field_0-container\" class=\"wpforms-field wpforms-field-name\" data-field-id=\"0\"><label class=\"wpforms-field-label\" for=\"wpforms-6217-field_0\">Subject <span class=\"wpforms-required-label\">*<\/span><\/label><input type=\"text\" id=\"wpforms-6217-field_0\" class=\"wpforms-field-large wpforms-field-required\" name=\"wpforms[fields][0]\" required><\/div><div id=\"wpforms-6217-field_9-container\" class=\"wpforms-field wpforms-field-textarea\" data-field-id=\"9\"><label class=\"wpforms-field-label\" for=\"wpforms-6217-field_9\">Message<\/label><textarea id=\"wpforms-6217-field_9\" class=\"wpforms-field-medium\" name=\"wpforms[fields][9]\" ><\/textarea><\/div><div id=\"wpforms-6217-field_13-container\" class=\"wpforms-field wpforms-field-select wpforms-field-select-style-classic\" data-field-id=\"13\"><label class=\"wpforms-field-label\" for=\"wpforms-6217-field_13\">In which country do you use the document?<\/label><select id=\"wpforms-6217-field_13\" class=\"wpforms-field-medium\" name=\"wpforms[fields][13]\"><option value=\"Sverige\" >Sverige<\/option><option value=\"Australien\" >Australien<\/option><option value=\"Kina\" >Kina<\/option><option value=\"Japan\" >Japan<\/option><option value=\"Thailand\" >Thailand<\/option><option value=\"Indien\" >Indien<\/option><option value=\"Malaysia\" >Malaysia<\/option><option value=\"Sydkorea\" >Sydkorea<\/option><option value=\"Hongkong\" >Hongkong<\/option><option value=\"Taiwan\" >Taiwan<\/option><option value=\"Filippinerna\" >Filippinerna<\/option><option value=\"Vietnam\" >Vietnam<\/option><option value=\"Vietnam-Old\" >Vietnam-Old<\/option><option value=\"Frankrike\" >Frankrike<\/option><option value=\"Europe\" >Europe<\/option><option value=\"Tyskland\" >Tyskland<\/option><option value=\"Italien\" >Italien<\/option><option value=\"Grekland\" >Grekland<\/option><option value=\"Spanien\" >Spanien<\/option><option value=\"\u00d6sterrike\" >\u00d6sterrike<\/option><option value=\"F\u00f6renade kungariket\" >F\u00f6renade kungariket<\/option><option value=\"Nederl\u00e4nderna\" >Nederl\u00e4nderna<\/option><option value=\"Belgien\" >Belgien<\/option><option value=\"F\u00f6renade Arabemiraten\" >F\u00f6renade Arabemiraten<\/option><option value=\"Israel\" >Israel<\/option><option value=\"Ukraina\" >Ukraina<\/option><option value=\"Tjeckien\" >Tjeckien<\/option><option value=\"Ryssland\" >Ryssland<\/option><option value=\"Kazakstan\" >Kazakstan<\/option><option value=\"Portugal\" >Portugal<\/option><option value=\"Saudiarabien\" >Saudiarabien<\/option><option value=\"Danmark\" >Danmark<\/option><option value=\"Iran\" >Iran<\/option><option value=\"Norge\" >Norge<\/option><option value=\"USA\" >USA<\/option><option value=\"Kanada\" >Kanada<\/option><option value=\"Mexiko\" >Mexiko<\/option><option value=\"Bermuda\" >Bermuda<\/option><option value=\"Puerto Rico\" >Puerto Rico<\/option><option value=\"Amerikanska Jungfru\u00f6arna\" >Amerikanska Jungfru\u00f6arna<\/option><option value=\"Bolivia\" >Bolivia<\/option><option value=\"Nya Zeeland\" >Nya Zeeland<\/option><option value=\"Singapore\" >Singapore<\/option><option value=\"Indonesien\" >Indonesien<\/option><option value=\"Nepal\" >Nepal<\/option><option value=\"Papua Nya Guinea\" >Papua Nya Guinea<\/option><option value=\"Pakistan\" >Pakistan<\/option><option value=\"Bahamas\" >Bahamas<\/option><option value=\"Saint Lucia\" >Saint Lucia<\/option><option value=\"Chile\" >Chile<\/option><option value=\"Nya Kaledonien\" >Nya Kaledonien<\/option><option value=\"Argentina\" >Argentina<\/option><option value=\"Dominica\" >Dominica<\/option><option value=\"Bangladesh\" >Bangladesh<\/option><option value=\"Tokelau\" >Tokelau<\/option><option value=\"Kambodja\" >Kambodja<\/option><option value=\"Macao\" >Macao<\/option><option value=\"Maldiverna\" >Maldiverna<\/option><option value=\"Afghanistan\" >Afghanistan<\/option><option value=\"Fiji\" >Fiji<\/option><option value=\"Mongoliet\" >Mongoliet<\/option><option value=\"Wallis och Futuna\" >Wallis och Futuna<\/option><option value=\"Polen\" >Polen<\/option><option value=\"Rum\u00e4nien\" >Rum\u00e4nien<\/option><option value=\"Turkiet\" >Turkiet<\/option><option value=\"Slovakien\" >Slovakien<\/option><option value=\"f.d. jugoslaviska republiken  Makedonien\" >f.d. jugoslaviska republiken  Makedonien<\/option><option value=\"Schweiz\" >Schweiz<\/option><option value=\"Finland\" >Finland<\/option><option value=\"Irland\" >Irland<\/option><option value=\"Armenien\" >Armenien<\/option><option value=\"Slovenien\" >Slovenien<\/option><option value=\"Syrien\" >Syrien<\/option><option value=\"Liechtenstein\" >Liechtenstein<\/option><option value=\"Qatar\" >Qatar<\/option><option value=\"Luxemburg\" >Luxemburg<\/option><option value=\"Nigeria\" >Nigeria<\/option><option value=\"Palestinian Territory, Occupied\" >Palestinian Territory, Occupied<\/option><option value=\"Bulgarien\" >Bulgarien<\/option><option value=\"Moldavien\" >Moldavien<\/option><option value=\"Island\" >Island<\/option><option value=\"Albanien\" >Albanien<\/option><option value=\"Cypern\" >Cypern<\/option><option value=\"Ungern\" >Ungern<\/option><option value=\"Estland\" >Estland<\/option><option value=\"Vitryssland\" >Vitryssland<\/option><option value=\"Lettland\" >Lettland<\/option><option value=\"Irak\" >Irak<\/option><option value=\"Kirgizistan\" >Kirgizistan<\/option><option value=\"Yemen\" >Yemen<\/option><option value=\"Litauen\" >Litauen<\/option><option value=\"Belize\" >Belize<\/option><option value=\"Kroatien\" >Kroatien<\/option><option value=\"Bosnien och Hercegovina\" >Bosnien och Hercegovina<\/option><option value=\"Uzbekistan\" >Uzbekistan<\/option><option value=\"Georgien\" >Georgien<\/option><option value=\"Azerbajdzjan\" >Azerbajdzjan<\/option><option value=\"Jersey\" >Jersey<\/option><option value=\"San Marino\" >San Marino<\/option><option value=\"Brasilien\" >Brasilien<\/option><option value=\"Svalbard och Jan Mayen\" >Svalbard och Jan Mayen<\/option><option value=\"Sydafrika\" >Sydafrika<\/option><option value=\"Venezuela\" >Venezuela<\/option><option value=\"Colombia\" >Colombia<\/option><option value=\"Egypten\" >Egypten<\/option><option value=\"Algeriet\" >Algeriet<\/option><option value=\"Peru\" >Peru<\/option><option value=\"Kuwait\" >Kuwait<\/option><option value=\"Marocko\" >Marocko<\/option><option value=\"Angola\" >Angola<\/option><option value=\"Libyen\" >Libyen<\/option><option value=\"Sudan\" >Sudan<\/option><option value=\"Ecuador\" >Ecuador<\/option><option value=\"Oman\" >Oman<\/option><option value=\"Dominikanska republiken\" >Dominikanska republiken<\/option><option value=\"Sri Lanka\" >Sri Lanka<\/option><option value=\"Tunisien\" >Tunisien<\/option><option value=\"Guatemala\" >Guatemala<\/option><option value=\"Uruguay\" >Uruguay<\/option><option value=\"Libanon\" >Libanon<\/option><option value=\"Serbia\" >Serbia<\/option><option value=\"Myanmar\" >Myanmar<\/option><option value=\"Costa Rica\" >Costa Rica<\/option><option value=\"Kenya\" >Kenya<\/option><option value=\"Etiopien\" >Etiopien<\/option><option value=\"Panama\" >Panama<\/option><option value=\"Jordanien\" >Jordanien<\/option><option value=\"Tanzania\" >Tanzania<\/option><option value=\"Elfenbenskusten\" >Elfenbenskusten<\/option><option value=\"Kamerun\" >Kamerun<\/option><option value=\"El Salvador\" >El Salvador<\/option><option value=\"Bahrain\" >Bahrain<\/option><option value=\"Trinidad och Tobago\" >Trinidad och Tobago<\/option><option value=\"Ghana\" >Ghana<\/option><option value=\"Paraguay\" >Paraguay<\/option><option value=\"Uganda\" >Uganda<\/option><option value=\"Zambia\" >Zambia<\/option><option value=\"Honduras\" >Honduras<\/option><option value=\"Ekvatorialguinea\" >Ekvatorialguinea<\/option><option value=\"Jamaica\" >Jamaica<\/option><option value=\"Senegal\" >Senegal<\/option><option value=\"Kongo DR\" >Kongo DR<\/option><option value=\"Gabon\" >Gabon<\/option><option value=\"Brunei\" >Brunei<\/option><option value=\"Kongo-Brazzaville\" >Kongo-Brazzaville<\/option><option value=\"Namibia\" >Namibia<\/option><option value=\"Mauritius\" >Mauritius<\/option><option value=\"Mali\" >Mali<\/option><option value=\"Burkina Faso\" >Burkina Faso<\/option><option value=\"Madagaskar\" >Madagaskar<\/option><option value=\"Malta\" >Malta<\/option><option value=\"Tchad\" >Tchad<\/option><option value=\"Haiti\" >Haiti<\/option><option value=\"Benin\" >Benin<\/option><option value=\"Nicaragua\" >Nicaragua<\/option><option value=\"Lesotho\" >Lesotho<\/option><option value=\"Rwanda\" >Rwanda<\/option><option value=\"Niger\" >Niger<\/option><option value=\"Tadzjikistan\" >Tadzjikistan<\/option><option value=\"Zimbabwe\" >Zimbabwe<\/option><option value=\"Malawi\" >Malawi<\/option><option value=\"Guinea\" >Guinea<\/option><option value=\"Barbados\" >Barbados<\/option><option value=\"Montenegro\" >Montenegro<\/option><option value=\"Mauretanien\" >Mauretanien<\/option><option value=\"Surinam\" >Surinam<\/option><option value=\"Swaziland\" >Swaziland<\/option><option value=\"Togo\" >Togo<\/option><option value=\"Eritrea\" >Eritrea<\/option><option value=\"Guyana\" >Guyana<\/option><option value=\"Centralafrikanska republiken\" >Centralafrikanska republiken<\/option><option value=\"Sierra Leone\" >Sierra Leone<\/option><option value=\"Kap Verde\" >Kap Verde<\/option><option value=\"Burundi\" >Burundi<\/option><option value=\"Bhutan\" >Bhutan<\/option><option value=\"Djibouti\" >Djibouti<\/option><option value=\"Antigua och Barbuda\" >Antigua och Barbuda<\/option><option value=\"Gambia\" >Gambia<\/option><option value=\"Liberia\" >Liberia<\/option><option value=\"Seychellerna\" >Seychellerna<\/option><option value=\"F\u00e4r\u00f6arna\" >F\u00e4r\u00f6arna<\/option><option value=\"Gibraltar\" >Gibraltar<\/option><option value=\"Gr\u00f6nland\" >Gr\u00f6nland<\/option><option value=\"Guernsey\" >Guernsey<\/option><option value=\"Heliga stolen\" >Heliga stolen<\/option><option value=\"Isle of Man\" >Isle of Man<\/option><option value=\"Monaco\" >Monaco<\/option><option value=\"Turkmenistan\" >Turkmenistan<\/option><option value=\"Aland Islands\" >Aland Islands<\/option><option value=\"Andorra\" >Andorra<\/option><option value=\"Nederl\u00e4ndska Antillerna\" >Nederl\u00e4ndska Antillerna<\/option><option value=\"Satellite Provider\" >Satellite Provider<\/option><option value=\"Botswana\" >Botswana<\/option><option value=\"Mo\u00e7ambique\" >Mo\u00e7ambique<\/option><option value=\"Somalia\" >Somalia<\/option><option value=\"Komorerna\" >Komorerna<\/option><option value=\"R\u00e9union\" >R\u00e9union<\/option><option value=\"Kuba\" >Kuba<\/option><option value=\"Cayman\u00f6arna\" >Cayman\u00f6arna<\/option><option value=\"Brittiska Jungfru\u00f6arna\" >Brittiska Jungfru\u00f6arna<\/option><option value=\"Marshall\u00f6arna\" >Marshall\u00f6arna<\/option><option value=\"Antarktis\" >Antarktis<\/option><option value=\"Aruba\" >Aruba<\/option><option value=\"Anguilla\" >Anguilla<\/option><option value=\"Saint Christopher och Nevis\" >Saint Christopher och Nevis<\/option><option value=\"Grenada\" >Grenada<\/option><option value=\"Montserrat\" >Montserrat<\/option><option value=\"Turks- och Caicos\u00f6arna\" >Turks- och Caicos\u00f6arna<\/option><option value=\"Tuvalu\" >Tuvalu<\/option><option value=\"Franska Polynesien\" >Franska Polynesien<\/option><option value=\"Salomon\u00f6arna\" >Salomon\u00f6arna<\/option><option value=\"Vanuatu\" >Vanuatu<\/option><option value=\"Saint Helena\" >Saint Helena<\/option><option value=\"Mikronesien\" >Mikronesien<\/option><option value=\"V\u00e4stsahara\" >V\u00e4stsahara<\/option><option value=\"Jul\u00f6n\" >Jul\u00f6n<\/option><option value=\"Brittiska territoriet i Indiska  Oceanen\" >Brittiska territoriet i Indiska  Oceanen<\/option><option value=\"Samoa\" >Samoa<\/option><option value=\"Cook\u00f6arna\" >Cook\u00f6arna<\/option><option value=\"Kiribati\" >Kiribati<\/option><option value=\"Niue\" >Niue<\/option><option value=\"Tonga\" >Tonga<\/option><option value=\"De franska territorierna i s\u00f6dra Indiska  oceanen\" >De franska territorierna i s\u00f6dra Indiska  oceanen<\/option><option value=\"Martinique\" >Martinique<\/option><option value=\"Mayotte\" >Mayotte<\/option><option value=\"Norfolk\u00f6n\" >Norfolk\u00f6n<\/option><option value=\"Pitcairn\" >Pitcairn<\/option><option value=\"Amerikanska Samoa\" >Amerikanska Samoa<\/option><option value=\"Bouvet\u00f6n\" >Bouvet\u00f6n<\/option><option value=\"Kokos\u00f6arna\" >Kokos\u00f6arna<\/option><option value=\"Falklands\u00f6arna\" >Falklands\u00f6arna<\/option><option value=\"Franska Guyana\" >Franska Guyana<\/option><option value=\"Guadeloupe\" >Guadeloupe<\/option><option value=\"Sydgeorgien och Sydsandwich\u00f6arna\" >Sydgeorgien och Sydsandwich\u00f6arna<\/option><option value=\"Guam\" >Guam<\/option><option value=\"Guinea-Bissau\" >Guinea-Bissau<\/option><option value=\"Asia\/Pacific Region\" >Asia\/Pacific Region<\/option><option value=\"F\u00f6renta staternas mindre \u00f6ar i Oceanien och  V\u00e4sti\" >F\u00f6renta staternas mindre \u00f6ar i Oceanien och  V\u00e4sti<\/option><option value=\"Nordmarianerna\" >Nordmarianerna<\/option><option value=\"Palau\" >Palau<\/option><option value=\"Saint Vincent och Grenadinerna\" >Saint Vincent och Grenadinerna<\/option><option value=\"Laos\" >Laos<\/option><option value=\"Nordkorea\" >Nordkorea<\/option><option value=\"Saint Pierre och Miquelon\" >Saint Pierre och Miquelon<\/option><option value=\"Saint Martin\" >Saint Martin<\/option><option value=\"\u00d6sttimor\" >\u00d6sttimor<\/option><option value=\"S\u00e3o Tom\u00e9 och Pr\u00edncipe\" >S\u00e3o Tom\u00e9 och Pr\u00edncipe<\/option><option value=\"Nauru\" >Nauru<\/option><\/select><\/div><div id=\"wpforms-6217-field_14-container\" class=\"wpforms-field wpforms-field-file-upload\" data-field-id=\"14\"><label class=\"wpforms-field-label\" for=\"wpforms-6217-field_14\">File Upload<\/label><div\n\t\tclass=\"wpforms-uploader\"\n\t\tdata-field-id=\"14\"\n\t\tdata-form-id=\"6217\"\n\t\tdata-input-name=\"wpforms_6217_14\"\n\t\tdata-extensions=\"jpg,jpeg,jpe,png,gif,webp,mov,qt,avif,avi,mpeg,mpg,mpe,3gp,3gpp,3g2,3gp2,mid,midi,pdf,doc,docx,docm,pot,pps,ppt,pptx,pptm,odt,ppsx,ppsm,xla,xls,xlt,xlw,xlsx,xlsm,xlsb,key,mp3,m4a,m4b,ogg,oga,flac,wav,mp4,m4v,webm,ogv\"\n\t\tdata-max-size=\"1536000\"\n\t\tdata-max-file-number=\"1\"\n\t\tdata-post-max-size=\"1536000\"\n\t\tdata-max-parallel-uploads=\"4\"\n\t\tdata-parallel-uploads=\"true\"\n\t\tdata-file-chunk-size=\"1536000\">\n\t<div class=\"dz-message\">\n\t\t<svg viewBox=\"0 0 1024 1024\" focusable=\"false\" data-icon=\"inbox\" width=\"50px\" height=\"50px\" fill=\"currentColor\" aria-hidden=\"true\">\n\t\t\t<path d=\"M885.2 446.3l-.2-.8-112.2-285.1c-5-16.1-19.9-27.2-36.8-27.2H281.2c-17 0-32.1 11.3-36.9 27.6L139.4 443l-.3.7-.2.8c-1.3 4.9-1.7 9.9-1 14.8-.1 1.6-.2 3.2-.2 4.8V830a60.9 60.9 0 0 0 60.8 60.8h627.2c33.5 0 60.8-27.3 60.9-60.8V464.1c0-1.3 0-2.6-.1-3.7.4-4.9 0-9.6-1.3-14.1zm-295.8-43l-.3 15.7c-.8 44.9-31.8 75.1-77.1 75.1-22.1 0-41.1-7.1-54.8-20.6S436 441.2 435.6 419l-.3-15.7H229.5L309 210h399.2l81.7 193.3H589.4zm-375 76.8h157.3c24.3 57.1 76 90.8 140.4 90.8 33.7 0 65-9.4 90.3-27.2 22.2-15.6 39.5-37.4 50.7-63.6h156.5V814H214.4V480.1z\"><\/path>\n\t\t<\/svg>\n\t\t<span class=\"modern-title\">Click or drag a file to this area to upload.<\/span>\n\n\t\t\t<\/div>\n<\/div>\n<input\n\t\ttype=\"text\"\n\t\tautocomplete=\"off\"\n\t\treadonly\n\t\tclass=\"dropzone-input\"\n\t\tstyle=\"position:absolute!important;clip:rect(0,0,0,0)!important;height:1px!important;width:1px!important;border:0!important;overflow:hidden!important;padding:0!important;margin:0!important;\"\n\t\tid=\"wpforms-6217-field_14\"\n\t\tname=\"wpforms_6217_14\" \t\tvalue=\"\">\n<\/div><\/div><!-- .wpforms-field-container --><div class=\"wpforms-field wpforms-field-hp\"><label for=\"wpforms-6217-field-hp\" class=\"wpforms-field-label\">Phone<\/label><input type=\"text\" name=\"wpforms[hp]\" id=\"wpforms-6217-field-hp\" class=\"wpforms-field-medium\"><\/div><div class=\"wpforms-submit-container\" ><input type=\"hidden\" name=\"wpforms[id]\" value=\"6217\"><input type=\"hidden\" name=\"page_title\" value=\"\"><input type=\"hidden\" name=\"page_url\" value=\"https:\/\/www.legalisering.se\/en\/wp-json\/wp\/v2\/pages\/5929\"><button type=\"submit\" name=\"wpforms[submit]\" id=\"wpforms-submit-6217\" class=\"wpforms-submit\" data-alt-text=\"Sending...\" data-submit-text=\"Send\" aria-live=\"assertive\" value=\"wpforms-submit\">Send<\/button><\/div><\/form><\/div>  <!-- .wpforms-container --><\/span><\/p>\n<h2><span style=\"color: #000000;\">Visit the office<\/span><\/h2>\n<p><span style=\"color: #000000;\">Welcome to Legalisering.se, Kungsgatan 37 in Stockholm, 5th floor.<\/span><\/p>\n<p><iframe loading=\"lazy\" style=\"border: 0;\" src=\"https:\/\/www.google.com\/maps\/embed?pb=!1m14!1m8!1m3!1d2034.8190606402782!2d18.064543113491826!3d59.33597463921496!3m2!1i1024!2i768!4f13.1!3m3!1m2!1s0x465f9d5d833457c3%3A0xa6b9f36de9761af1!2sKungsgatan+37%2C+111+56+Stockholm%2C+Sweden!5e0!3m2!1sen!2sph!4v1427866141591\" width=\"100%\" height=\"400\" frameborder=\"0\"><\/iframe><\/p>\n","protected":false},"excerpt":{"rendered":"<p>Use this form if you have questions about your order, or if you want to know more about apostille, legalization and translation. We always try to respond to incoming messages within a few hours during office hours. Our office is located at Legalisering.se, Kungsgatan 37, 5th floor, 11156, Stockholm. It is right outside greenline subway&#8230;<\/p>\n","protected":false},"author":2,"featured_media":0,"parent":0,"menu_order":0,"comment_status":"closed","ping_status":"closed","template":"","meta":{"footnotes":""},"_links":{"self":[{"href":"https:\/\/www.legalisering.se\/en\/wp-json\/wp\/v2\/pages\/5929"}],"collection":[{"href":"https:\/\/www.legalisering.se\/en\/wp-json\/wp\/v2\/pages"}],"about":[{"href":"https:\/\/www.legalisering.se\/en\/wp-json\/wp\/v2\/types\/page"}],"author":[{"embeddable":true,"href":"https:\/\/www.legalisering.se\/en\/wp-json\/wp\/v2\/users\/2"}],"replies":[{"embeddable":true,"href":"https:\/\/www.legalisering.se\/en\/wp-json\/wp\/v2\/comments?post=5929"}],"version-history":[{"count":0,"href":"https:\/\/www.legalisering.se\/en\/wp-json\/wp\/v2\/pages\/5929\/revisions"}],"wp:attachment":[{"href":"https:\/\/www.legalisering.se\/en\/wp-json\/wp\/v2\/media?parent=5929"}],"curies":[{"name":"wp","href":"https:\/\/api.w.org\/{rel}","templated":true}]}}